{"id":13427,"date":"2020-01-17T10:51:01","date_gmt":"2020-01-17T09:51:01","guid":{"rendered":"http:\/\/osfm-splet.splet.arnes.si\/?page_id=13427"},"modified":"2020-01-17T10:51:01","modified_gmt":"2020-01-17T09:51:01","slug":"mediacija","status":"publish","type":"page","link":"https:\/\/www.os-fmalgaja.si\/?page_id=13427","title":{"rendered":"Mediacija"},"content":{"rendered":"<p>[et_pb_section bb_built=&#8221;1&#8243; admin_label=&#8221;section&#8221; background_image=&#8221;http:\/\/osfm-splet.splet.arnes.si\/files\/2015\/06\/osfm1.jpg&#8221; transparent_background=&#8221;on&#8221; fullwidth=&#8221;on&#8221; allow_player_pause=&#8221;off&#8221; inner_shadow=&#8221;off&#8221; parallax=&#8221;off&#8221; parallax_method=&#8221;on&#8221; make_fullwidth=&#8221;off&#8221; use_custom_width=&#8221;off&#8221; width_unit=&#8221;on&#8221; make_equal=&#8221;off&#8221; use_custom_gutter=&#8221;off&#8221; custom_padding=&#8221;||1px|&#8221; locked=&#8221;off&#8221; global_module=&#8221;10997&#8243;][et_pb_fullwidth_slider admin_label=&#8221;Slike \u0161ole&#8221; global_parent=&#8221;10997&#8243; auto=&#8221;on&#8221; auto_speed=&#8221;10000&#8243; show_arrows=&#8221;on&#8221; show_pagination=&#8221;on&#8221; auto_ignore_hover=&#8221;off&#8221; parallax=&#8221;off&#8221; parallax_method=&#8221;off&#8221; remove_inner_shadow=&#8221;off&#8221; background_position=&#8221;default&#8221; background_size=&#8221;default&#8221; hide_content_on_mobile=&#8221;off&#8221; hide_cta_on_mobile=&#8221;off&#8221; show_image_video_mobile=&#8221;off&#8221; custom_button=&#8221;off&#8221; button_letter_spacing=&#8221;0&#8243; button_use_icon=&#8221;default&#8221; button_icon_placement=&#8221;right&#8221; button_on_hover=&#8221;on&#8221; button_letter_spacing_hover=&#8221;0&#8243; locked=&#8221;off&#8221; parent_locked=&#8221;off&#8221;] [et_pb_slide heading=&#8221;O\u0160 Franja Malgaja \u0160entjur&#8221; background_image=&#8221;http:\/\/osfm-splet.splet.arnes.si\/files\/2015\/08\/osfm1.jpg&#8221;][\/et_pb_slide][et_pb_slide heading=&#8221;O\u0160 Franja Malgaja \u0160entjur&#8221; background_image=&#8221;http:\/\/osfm-splet.splet.arnes.si\/files\/2015\/06\/osfm2.jpg&#8221;][\/et_pb_slide][et_pb_slide heading=&#8221;O\u0160 Franja Malgaja \u0160entjur&#8221; background_image=&#8221;http:\/\/osfm-splet.splet.arnes.si\/files\/2015\/06\/osfm3.jpg&#8221;][\/et_pb_slide] [\/et_pb_fullwidth_slider][et_pb_fullwidth_menu admin_label=&#8221;Glavni Meni&#8221; global_parent=&#8221;10997&#8243; menu_id=&#8221;57&#8243; background_color=&#8221;#46a5a5&#8243; submenu_direction=&#8221;downwards&#8221; fullwidth_menu=&#8221;off&#8221; module_id=&#8221;velikost-menija&#8221; background_layout=&#8221;light&#8221; text_orientation=&#8221;left&#8221; dropdown_menu_animation=&#8221;fade&#8221; menu_font=&#8221;|on|||&#8221; menu_font_size=&#8221;18px&#8221; parent_locked=&#8221;off&#8221; active_link_color=&#8221;#293d3c&#8221; custom_css_main_element=&#8221;margin-top: 10px;&#8221; \/][\/et_pb_section][et_pb_section bb_built=&#8221;1&#8243; admin_label=&#8221;section&#8221;][et_pb_row admin_label=&#8221;row&#8221;][et_pb_column type=&#8221;4_4&#8243;][et_pb_post_title admin_label=&#8221;Naslov kategorije&#8221; title=&#8221;on&#8221; meta=&#8221;off&#8221; author=&#8221;on&#8221; date=&#8221;on&#8221; categories=&#8221;on&#8221; comments=&#8221;on&#8221; featured_image=&#8221;on&#8221; featured_placement=&#8221;below&#8221; parallax_effect=&#8221;off&#8221; parallax_method=&#8221;on&#8221; text_orientation=&#8221;left&#8221; text_color=&#8221;dark&#8221; text_background=&#8221;off&#8221; text_bg_color=&#8221;rgba(255,255,255,0.9)&#8221; use_border_color=&#8221;off&#8221; border_color=&#8221;#ffffff&#8221; border_style=&#8221;solid&#8221; \/][et_pb_blog admin_label=&#8221;Blog Mediacija&#8221; fullwidth=&#8221;off&#8221; include_categories=&#8221;12&#8243; show_thumbnail=&#8221;on&#8221; show_content=&#8221;off&#8221; show_more=&#8221;off&#8221; show_author=&#8221;off&#8221; show_date=&#8221;on&#8221; show_categories=&#8221;off&#8221; show_comments=&#8221;off&#8221; show_pagination=&#8221;on&#8221; offset_number=&#8221;0&#8243; use_overlay=&#8221;off&#8221; background_layout=&#8221;light&#8221; use_dropshadow=&#8221;off&#8221; use_border_color=&#8221;off&#8221; border_color=&#8221;#ffffff&#8221; border_style=&#8221;solid&#8221; \/][\/et_pb_column][\/et_pb_row][\/et_pb_section][et_pb_section bb_built=&#8221;1&#8243; admin_label=&#8221;Section&#8221; fullwidth=&#8221;on&#8221; specialty=&#8221;off&#8221; transparent_background=&#8221;off&#8221; allow_player_pause=&#8221;off&#8221; inner_shadow=&#8221;off&#8221; parallax=&#8221;off&#8221; parallax_method=&#8221;on&#8221; make_fullwidth=&#8221;off&#8221; use_custom_width=&#8221;off&#8221; width_unit=&#8221;on&#8221; make_equal=&#8221;off&#8221; use_custom_gutter=&#8221;off&#8221; locked=&#8221;off&#8221; global_module=&#8221;10917&#8243;][et_pb_fullwidth_header admin_label=&#8221;Napisi v nogi&#8221; global_parent=&#8221;10917&#8243; background_layout=&#8221;light&#8221; text_orientation=&#8221;left&#8221; header_fullscreen=&#8221;off&#8221; header_scroll_down=&#8221;off&#8221; parallax=&#8221;off&#8221; parallax_method=&#8221;off&#8221; content_orientation=&#8221;center&#8221; image_orientation=&#8221;center&#8221; custom_button_one=&#8221;off&#8221; button_one_letter_spacing=&#8221;0&#8243; button_one_use_icon=&#8221;default&#8221; button_one_icon_placement=&#8221;right&#8221; button_one_on_hover=&#8221;on&#8221; button_one_letter_spacing_hover=&#8221;0&#8243; custom_button_two=&#8221;off&#8221; button_two_letter_spacing=&#8221;0&#8243; button_two_use_icon=&#8221;default&#8221; button_two_icon_placement=&#8221;right&#8221; button_two_on_hover=&#8221;on&#8221; button_two_letter_spacing_hover=&#8221;0&#8243; background_color=&#8221;#46a5a5&#8243; title_font_size=&#8221;14px&#8221; subhead_font_size=&#8221;14px&#8221; parent_locked=&#8221;off&#8221;]<\/p>\n<table bgcolor=\"#ffffff\">\n<tbody>\n<tr>\n<td><strong>O\u0160 FRANJA MALGAJA \u0160ENTJUR<br \/>\nUlica skladateljev Ipavcev 2, 3230 \u0160entjur<\/strong><br \/>\nTelefon: 03\/ 746 3 800<br \/>\nELEKTRONSKI NASLOV: tajnistvo@fmalgaja.si<\/td>\n<td><img loading=\"lazy\" decoding=\"async\" class=\"wp-image-74 aligncenter\" src=\"http:\/\/osfm-splet.splet.arnes.si\/files\/2015\/03\/logo.png\" alt=\"\" width=\"128\" height=\"128\" srcset=\"https:\/\/www.os-fmalgaja.si\/files\/2015\/03\/logo.png 300w, https:\/\/www.os-fmalgaja.si\/files\/2015\/03\/logo-150x150.png 150w\" sizes=\"(max-width: 128px) 100vw, 128px\" \/><\/td>\n<td><img loading=\"lazy\" decoding=\"async\" class=\"wp-image-5081 aligncenter\" src=\"http:\/\/osfm-splet.splet.arnes.si\/files\/2018\/01\/logo-mss-e1515757613164.jpg\" alt=\"\" width=\"350\" height=\"73\" srcset=\"https:\/\/www.os-fmalgaja.si\/files\/2018\/01\/logo-mss-e1515757613164.jpg 421w, https:\/\/www.os-fmalgaja.si\/files\/2018\/01\/logo-mss-e1515757613164-300x63.jpg 300w\" sizes=\"(max-width: 350px) 100vw, 350px\" \/><\/td>\n<\/tr>\n<\/tbody>\n<\/table>\n<p>&nbsp;<\/p>\n<p>[\/et_pb_fullwidth_header][\/et_pb_section]<\/p>\n","protected":false},"excerpt":{"rendered":"<p>O\u0160 FRANJA MALGAJA \u0160ENTJUR Ulica skladateljev Ipavcev 2, 3230 \u0160entjur Telefon: 03\/ 746 3 800 ELEKTRONSKI NASLOV: tajnistvo@fmalgaja.si &nbsp;<\/p>\n","protected":false},"author":4407,"featured_media":0,"parent":0,"menu_order":0,"comment_status":"closed","ping_status":"closed","template":"","meta":{"_et_pb_use_builder":"on","_et_pb_old_content":"","_et_gb_content_width":"","ngg_post_thumbnail":0,"footnotes":"","_expiration-date-status":"saved","_expiration-date":0,"_expiration-date-type":"","_expiration-date-categories":[],"_expiration-date-options":[]},"class_list":["post-13427","page","type-page","status-publish","hentry"],"_links":{"self":[{"href":"https:\/\/www.os-fmalgaja.si\/index.php?rest_route=\/wp\/v2\/pages\/13427","targetHints":{"allow":["GET"]}}],"collection":[{"href":"https:\/\/www.os-fmalgaja.si\/index.php?rest_route=\/wp\/v2\/pages"}],"about":[{"href":"https:\/\/www.os-fmalgaja.si\/index.php?rest_route=\/wp\/v2\/types\/page"}],"author":[{"embeddable":true,"href":"https:\/\/www.os-fmalgaja.si\/index.php?rest_route=\/wp\/v2\/users\/4407"}],"replies":[{"embeddable":true,"href":"https:\/\/www.os-fmalgaja.si\/index.php?rest_route=%2Fwp%2Fv2%2Fcomments&post=13427"}],"version-history":[{"count":2,"href":"https:\/\/www.os-fmalgaja.si\/index.php?rest_route=\/wp\/v2\/pages\/13427\/revisions"}],"predecessor-version":[{"id":13431,"href":"https:\/\/www.os-fmalgaja.si\/index.php?rest_route=\/wp\/v2\/pages\/13427\/revisions\/13431"}],"wp:attachment":[{"href":"https:\/\/www.os-fmalgaja.si\/index.php?rest_route=%2Fwp%2Fv2%2Fmedia&parent=13427"}],"curies":[{"name":"wp","href":"https:\/\/api.w.org\/{rel}","templated":true}]}}