{"id":462,"date":"2015-06-29T10:46:58","date_gmt":"2015-06-29T08:46:58","guid":{"rendered":"http:\/\/osfm-splet.splet.arnes.si\/?page_id=462"},"modified":"2019-03-26T11:30:29","modified_gmt":"2019-03-26T10:30:29","slug":"solsko-l-20162017","status":"publish","type":"page","link":"https:\/\/www.os-fmalgaja.si\/?page_id=462","title":{"rendered":"\u0160olsko leto 2018\/2019"},"content":{"rendered":"<p><strong>\u0160OLSKI KOLEDAR<\/strong><strong><br \/>\n<\/strong><a href=\"http:\/\/osfm-splet.splet.arnes.si\/files\/2018\/08\/KOL2019.pdf\" target=\"_blank\">Povzetek koledarja za \u0161olsko leto 2018\/2019<\/a><br \/>\n<a href=\"http:\/\/osfm-splet.splet.arnes.si\/files\/2018\/09\/celoten_koledar_18_19.pdf\" target=\"_blank\">Celoten koledar za \u0161olsko leto 2018\/2019<br \/>\n<\/a><a href=\"http:\/\/osfm-splet.splet.arnes.si\/files\/2018\/09\/koledar-tekmovanj_DMFA.pdf\" target=\"_blank\">Koledar tekmovanj DMFA<\/a><br \/>\n<a href=\"http:\/\/osfm-splet.splet.arnes.si\/files\/2019\/03\/Urnik-GU.pdf\" target=\"_blank\">Urnik individualnih govorilnih ur z elektronskimi naslovi<\/a><\/p>\n<p><strong>\u010cASOVNICA \u0160OLSKIH UR<br \/>\n<\/strong><a href=\"http:\/\/osfm-splet.splet.arnes.si\/files\/2018\/09\/\u010dasovnica-ur.pdf\" target=\"_blank\">\u010dasovnica<\/a><strong><br \/>\n<\/strong><\/p>\n<p><strong>U\u010cBENIKI IN DELOVNI ZVEZKI<br \/>\n<\/strong><a href=\"http:\/\/osfm-splet.splet.arnes.si\/files\/2018\/06\/sklad_rs_18_19.pdf\" target=\"_blank\">razredna stopnja<\/a><strong><br \/>\n<\/strong><a href=\"http:\/\/osfm-splet.splet.arnes.si\/files\/2018\/06\/sklad_ps_18_19.pdf\" target=\"_blank\">predmetna stopnja<\/a><\/p>\n<p><strong>ZVEZKI<br \/>\n<\/strong><a href=\"http:\/\/osfm-splet.splet.arnes.si\/files\/2018\/06\/zvezki_narocila_fm.pdf\" target=\"_blank\">centralna \u0161ola<\/a><br \/>\n<a href=\"http:\/\/osfm-blagovna.splet.arnes.si\/files\/2018\/06\/zvezki_narocila_bl.pdf\" target=\"_blank\">podru\u017enica<\/a><strong><br \/>\n<\/strong><\/p>\n<p><strong>OBVEZNI IZBIRNI PREDMETI<br \/>\n<\/strong><a href=\"http:\/\/www.mizs.gov.si\/si\/delovna_podrocja\/direktorat_za_predsolsko_vzgojo_in_osnovno_solstvo\/osnovno_solstvo\/program\/izbirni_predmeti_v_osnovni_soli\/\" target=\"_blank\">nabor in vsebine obveznih izbirnih predmetov<\/a><\/p>\n<p><strong>NEOBVEZNI IZBIRNI PREDMETI<br \/>\nvsebine neobveznih izbirnih predmetov:<br \/>\n<\/strong><a href=\"http:\/\/www.fmalgaja.si\/files\/2017\/05\/Drugi_TJ_izbirni_neobvezni.pdf\" target=\"_blank\">drugi tuj jezik<\/a><br \/>\n<a href=\"http:\/\/www.fmalgaja.si\/files\/2017\/05\/Racunalnistvo_izbirni_neobvezni.pdf\" target=\"_blank\">ra\u010dunalni\u0161tvo<\/a><br \/>\n<a href=\"http:\/\/www.fmalgaja.si\/files\/2017\/05\/Sport_izbirni_neobvezni.pdf\" target=\"_blank\">\u0161port<\/a><br \/>\n<a href=\"http:\/\/www.fmalgaja.si\/files\/2017\/05\/Tehnika_izbirni_neobvezni.pdf\" target=\"_blank\">tehnika<\/a><br \/>\n<a href=\"http:\/\/www.fmalgaja.si\/files\/2017\/05\/Umetnost_izbirni_neobvezni.pdf\" target=\"_blank\">umetnost<br \/>\n<\/a><a href=\"http:\/\/www.fmalgaja.si\/files\/2017\/05\/TJ_prvi_razred_izbirni_neobvezni.pdf\" target=\"_blank\">tuj jezik v 1. razredu<\/a><\/p>\n<p><strong>PRIJAVNICE ZA PODALJ\u0160ANO BIVANJE<\/strong><br \/>\n<a href=\"http:\/\/osfm-splet.splet.arnes.si\/files\/2018\/04\/prijavnica_PB_2_5rfm.pdf\">prijavnica PB za 2. &#8211; 5.r<\/a><\/p>\n","protected":false},"excerpt":{"rendered":"<p>\u0160OLSKI KOLEDAR Povzetek koledarja za \u0161olsko leto 2018\/2019 Celoten koledar za \u0161olsko leto 2018\/2019 Koledar tekmovanj DMFA Urnik individualnih govorilnih ur z elektronskimi naslovi \u010cASOVNICA \u0160OLSKIH UR \u010dasovnica U\u010cBENIKI IN DELOVNI ZVEZKI razredna stopnja predmetna stopnja ZVEZKI centralna \u0161ola podru\u017enica OBVEZNI IZBIRNI PREDMETI nabor in vsebine obveznih izbirnih predmetov NEOBVEZNI IZBIRNI PREDMETI vsebine neobveznih izbirnih [&hellip;]<\/p>\n","protected":false},"author":4407,"featured_media":0,"parent":0,"menu_order":0,"comment_status":"closed","ping_status":"open","template":"","meta":{"_et_pb_use_builder":"","_et_pb_old_content":"","_et_gb_content_width":"","ngg_post_thumbnail":0,"footnotes":"","_expiration-date-status":"saved","_expiration-date":0,"_expiration-date-type":"","_expiration-date-categories":[],"_expiration-date-options":[]},"class_list":["post-462","page","type-page","status-publish","hentry"],"_links":{"self":[{"href":"https:\/\/www.os-fmalgaja.si\/index.php?rest_route=\/wp\/v2\/pages\/462","targetHints":{"allow":["GET"]}}],"collection":[{"href":"https:\/\/www.os-fmalgaja.si\/index.php?rest_route=\/wp\/v2\/pages"}],"about":[{"href":"https:\/\/www.os-fmalgaja.si\/index.php?rest_route=\/wp\/v2\/types\/page"}],"author":[{"embeddable":true,"href":"https:\/\/www.os-fmalgaja.si\/index.php?rest_route=\/wp\/v2\/users\/4407"}],"replies":[{"embeddable":true,"href":"https:\/\/www.os-fmalgaja.si\/index.php?rest_route=%2Fwp%2Fv2%2Fcomments&post=462"}],"version-history":[{"count":59,"href":"https:\/\/www.os-fmalgaja.si\/index.php?rest_route=\/wp\/v2\/pages\/462\/revisions"}],"predecessor-version":[{"id":7975,"href":"https:\/\/www.os-fmalgaja.si\/index.php?rest_route=\/wp\/v2\/pages\/462\/revisions\/7975"}],"wp:attachment":[{"href":"https:\/\/www.os-fmalgaja.si\/index.php?rest_route=%2Fwp%2Fv2%2Fmedia&parent=462"}],"curies":[{"name":"wp","href":"https:\/\/api.w.org\/{rel}","templated":true}]}}