{"id":7629,"date":"2019-02-06T12:37:51","date_gmt":"2019-02-06T11:37:51","guid":{"rendered":"http:\/\/osfm-splet.splet.arnes.si\/?page_id=7629"},"modified":"2019-09-18T12:57:25","modified_gmt":"2019-09-18T10:57:25","slug":"solsko-leto-20192020","status":"publish","type":"page","link":"https:\/\/www.os-fmalgaja.si\/?page_id=7629","title":{"rendered":"\u0160olsko leto 2019\/2020"},"content":{"rendered":"<p><a href=\"http:\/\/osfm-splet.splet.arnes.si\/files\/2019\/02\/Urnik-individualnih-govorilnih-1.pdf\">Urnik individualnih govorilnih<\/a><\/p>\n<p><strong>OBVEZNI IZBIRNI PREDMETI<\/strong><\/p>\n<p><strong><a href=\"http:\/\/osfm-splet.splet.arnes.si\/files\/2019\/06\/Obvezni-izbirni-dopis.pdf\" target=\"_blank\">Obvezni izbirni &#8211; dopis<\/a><br \/>\n<\/strong><a href=\"http:\/\/osfm-splet.splet.arnes.si\/files\/2019\/04\/izbirni_7.pdf\" target=\"_blank\">prijava 7.r<\/a><br \/>\n<a href=\"http:\/\/osfm-splet.splet.arnes.si\/files\/2019\/04\/izbirni_8.pdf\" target=\"_blank\">prijava 8.r<\/a><br \/>\n<a href=\"http:\/\/osfm-splet.splet.arnes.si\/files\/2019\/04\/izbirni_9.pdf\" target=\"_blank\">prijava 9.r<\/a><\/p>\n<p><strong>NEOBVEZNI IZBIRNI PREDMETI<\/strong><\/p>\n<p><strong><a href=\"http:\/\/osfm-splet.splet.arnes.si\/files\/2019\/06\/Neobvezni-izbirni-dopis.pdf\" target=\"_blank\">Neobvezni izbirni &#8211; dopis<\/a><\/strong><br \/>\n<a href=\"http:\/\/osfm-splet.splet.arnes.si\/files\/2019\/04\/prijavnica_neobvezni4.pdf\" target=\"_blank\">prijava 4.r<\/a><br \/>\n<a href=\"http:\/\/osfm-splet.splet.arnes.si\/files\/2019\/04\/prijavnica_neobvezni5.pdf\" target=\"_blank\">prijava 5.r<\/a><br \/>\n<a href=\"http:\/\/osfm-splet.splet.arnes.si\/files\/2019\/04\/prijavnica_neobvezni6.pdf\" target=\"_blank\">prijava 6.r<\/a><\/p>\n<p><strong>U\u010cBENI\u0160KI SKLAD<\/strong><\/p>\n<p><a href=\"http:\/\/osfm-splet.splet.arnes.si\/files\/2019\/06\/Gradivo-PO\u0160-Blagovna.xlsx\">Gradivo &#8211; PO\u0160 Blagovna<\/a><\/p>\n<p><a href=\"http:\/\/osfm-splet.splet.arnes.si\/files\/2019\/06\/Gradivo-predmetna-stopnja.xlsx\">Gradivo &#8211; predmetna stopnja<\/a><\/p>\n<p><a href=\"http:\/\/osfm-splet.splet.arnes.si\/files\/2019\/06\/Gradivo-razredna-stopnja.xlsx\">Gradivo &#8211; razredna stopnja<\/a><\/p>\n<p><a href=\"http:\/\/osfm-splet.splet.arnes.si\/files\/2019\/06\/Gradivo-OPP.xlsx\">Gradivo &#8211; OPP<\/a><\/p>\n<p><a href=\"http:\/\/osfm-splet.splet.arnes.si\/files\/2019\/07\/Zvezki-O\u0160-FM.docx\">Zvezki &#8211; O\u0160 FM<\/a><\/p>\n<p><a href=\"http:\/\/osfm-splet.splet.arnes.si\/files\/2019\/07\/zvezki_2019-20-blagovna.pdf\" target=\"_blank\">Zvezki &#8211; PO\u0160 Blagovna<\/a><\/p>\n","protected":false},"excerpt":{"rendered":"<p>Urnik individualnih govorilnih OBVEZNI IZBIRNI PREDMETI Obvezni izbirni &#8211; dopis prijava 7.r prijava 8.r prijava 9.r NEOBVEZNI IZBIRNI PREDMETI Neobvezni izbirni &#8211; dopis prijava 4.r prijava 5.r prijava 6.r U\u010cBENI\u0160KI SKLAD Gradivo &#8211; PO\u0160 Blagovna Gradivo &#8211; predmetna stopnja Gradivo &#8211; razredna stopnja Gradivo &#8211; OPP Zvezki &#8211; O\u0160 FM Zvezki &#8211; PO\u0160 Blagovna<\/p>\n","protected":false},"author":4407,"featured_media":0,"parent":0,"menu_order":0,"comment_status":"closed","ping_status":"closed","template":"","meta":{"_et_pb_use_builder":"","_et_pb_old_content":"","_et_gb_content_width":"","ngg_post_thumbnail":0,"footnotes":"","_expiration-date-status":"saved","_expiration-date":0,"_expiration-date-type":"","_expiration-date-categories":[],"_expiration-date-options":[]},"class_list":["post-7629","page","type-page","status-publish","hentry"],"_links":{"self":[{"href":"https:\/\/www.os-fmalgaja.si\/index.php?rest_route=\/wp\/v2\/pages\/7629","targetHints":{"allow":["GET"]}}],"collection":[{"href":"https:\/\/www.os-fmalgaja.si\/index.php?rest_route=\/wp\/v2\/pages"}],"about":[{"href":"https:\/\/www.os-fmalgaja.si\/index.php?rest_route=\/wp\/v2\/types\/page"}],"author":[{"embeddable":true,"href":"https:\/\/www.os-fmalgaja.si\/index.php?rest_route=\/wp\/v2\/users\/4407"}],"replies":[{"embeddable":true,"href":"https:\/\/www.os-fmalgaja.si\/index.php?rest_route=%2Fwp%2Fv2%2Fcomments&post=7629"}],"version-history":[{"count":24,"href":"https:\/\/www.os-fmalgaja.si\/index.php?rest_route=\/wp\/v2\/pages\/7629\/revisions"}],"predecessor-version":[{"id":8787,"href":"https:\/\/www.os-fmalgaja.si\/index.php?rest_route=\/wp\/v2\/pages\/7629\/revisions\/8787"}],"wp:attachment":[{"href":"https:\/\/www.os-fmalgaja.si\/index.php?rest_route=%2Fwp%2Fv2%2Fmedia&parent=7629"}],"curies":[{"name":"wp","href":"https:\/\/api.w.org\/{rel}","templated":true}]}}